{"id":292,"date":"2023-02-13T10:52:51","date_gmt":"2023-02-13T10:52:51","guid":{"rendered":"http:\/\/atelier-d.be\/?page_id=292"},"modified":"2024-01-17T14:11:08","modified_gmt":"2024-01-17T14:11:08","slug":"evenementen","status":"publish","type":"page","link":"https:\/\/aatt.be\/?page_id=292","title":{"rendered":"Evenementen"},"content":{"rendered":"\n<p>Bij onze buren van Leuven is de wedstrijd reeds volzet&#8230;<img loading=\"lazy\" decoding=\"async\" height=\"16\" width=\"16\" alt=\"&#x1f929;\" src=\"https:\/\/static.xx.fbcdn.net\/images\/emoji.php\/v9\/t58\/1\/16\/1f929.png\"><br>Geen plaats weten te bemachtigen of nog zin in een race in het Hageland? Ook bij ons krijgt u een pittig parcours voorgeschoteld in en rond het stadscentrum.<br>Keuze uit korte en langere afstand, of een start-to-triathlon voor de mensen die voor het eerst willen proeven van onze fantastische sport.<br>Aarzel niet en verzeker u nu reeds van een startplaats!<\/p>\n\n\n\n<p>Meer info&#8230;.<\/p>\n\n\n\n<p><a href=\"https:\/\/www.triatlon.vlaanderen\/kalender\/18324-hageland-plas-en-power-triathlon-2024-07-28?fbclid=IwAR2feqiwZ6GJU-0YOms0zt7EmiCy5EB5-PC7E7DzfR_dKN1ovpx6j7g-gak\">https:\/\/www.triatlon.vlaanderen\/kalender\/18324-hageland-plas-en-power-triathlon-2024-07-28?fbclid=IwAR2feqiwZ6GJU-0YOms0zt7EmiCy5EB5-PC7E7DzfR_dKN1ovpx6j7g-gak<\/a><\/p>\n\n\n\n<figure class=\"wp-block-image size-full\"><img loading=\"lazy\" decoding=\"async\" width=\"890\" height=\"1048\" src=\"https:\/\/aatt.be\/wp-content\/uploads\/2024\/01\/Triathlon-Leuven-volzet.jpg\" alt=\"\" class=\"wp-image-580\" srcset=\"https:\/\/aatt.be\/wp-content\/uploads\/2024\/01\/Triathlon-Leuven-volzet.jpg 890w, https:\/\/aatt.be\/wp-content\/uploads\/2024\/01\/Triathlon-Leuven-volzet-127x150.jpg 127w, https:\/\/aatt.be\/wp-content\/uploads\/2024\/01\/Triathlon-Leuven-volzet-768x904.jpg 768w\" sizes=\"auto, (max-width: 890px) 100vw, 890px\" \/><\/figure>\n\n\n\n<p>*******************************************************************<\/p>\n\n\n\n<p>Voor de atletenbriefing 2023 : <a href=\"https:\/\/aatt.be\/?page_id=544\" data-type=\"page\" data-id=\"544\">klik hier<\/a><\/p>\n\n\n\n<figure class=\"wp-block-image size-full\"><a href=\"https:\/\/aatt.be\/?page_id=80\"><img loading=\"lazy\" decoding=\"async\" width=\"629\" height=\"890\" src=\"https:\/\/atelier-d.be\/wp-content\/uploads\/2023\/03\/Affiche-Triathlon-Aarschot-2023.jpg\" alt=\"\" class=\"wp-image-504\" srcset=\"https:\/\/aatt.be\/wp-content\/uploads\/2023\/03\/Affiche-Triathlon-Aarschot-2023.jpg 629w, https:\/\/aatt.be\/wp-content\/uploads\/2023\/03\/Affiche-Triathlon-Aarschot-2023-106x150.jpg 106w\" sizes=\"auto, (max-width: 629px) 100vw, 629px\" \/><\/a><\/figure>\n\n\n\n<p>Alle <a href=\"https:\/\/aatt.be\/?page_id=80\" data-type=\"URL\" data-id=\"https:\/\/atelier-d.be\/?page_id=80\">detailinfo vind je hier<\/a>.<\/p>\n\n\n\n<p>Inschrijvingen gebeuren op het platform van Triatlon Vlaanderen via <a rel=\"noreferrer noopener\" href=\"https:\/\/triatlon.isbapp.be\/ords\/f?p=114:100::::100:P100_COMP,P100_PERSOON:16684,&amp;cs=148BBB950D67D6E62E8BB75A0CA649893\" data-type=\"URL\" data-id=\"https:\/\/triatlon.isbapp.be\/ords\/f?p=114:100::::100:P100_COMP,P100_PERSOON:16684,&amp;cs=148BBB950D67D6E62E8BB75A0CA649893\" target=\"_blank\">deze link<\/a>.<\/p>\n\n\n<ul class=\"wp-block-latest-posts__list has-dates is-style-twentytwentyone-latest-posts-dividers wp-block-latest-posts\"><li><a class=\"wp-block-latest-posts__post-title\" href=\"https:\/\/aatt.be\/?p=548\">Briefing wedstrijd 2024<\/a><time datetime=\"2023-07-09T20:49:31+00:00\" class=\"wp-block-latest-posts__post-date\">July 9, 2023<\/time><div class=\"wp-block-latest-posts__post-excerpt\">De briefing van onze wedstrijd op 28 juli 2024 vind je hier.<\/div><\/li>\n<li><a class=\"wp-block-latest-posts__post-title\" href=\"https:\/\/aatt.be\/?p=218\">Foto&#8217;s Run Bike Run<\/a><time datetime=\"2022-11-14T12:07:19+00:00\" class=\"wp-block-latest-posts__post-date\">November 14, 2022<\/time><div class=\"wp-block-latest-posts__post-excerpt\">Bedankt aan alle deelnemers van de Run Bike Run. Foto\u2019s zijn terug te vinden op de website van De Knoet onder menu archief of via\u00a0deze link.<\/div><\/li>\n<li><a class=\"wp-block-latest-posts__post-title\" href=\"https:\/\/aatt.be\/?p=211\">AATT Rollenkoers 2 dec &#8217;22<\/a><time datetime=\"2022-11-14T11:54:23+00:00\" class=\"wp-block-latest-posts__post-date\">November 14, 2022<\/time><div class=\"wp-block-latest-posts__post-excerpt\">Op 2 december organiseert het Aarschots Triathlon Team zijn jaarlijkse rollenkoers. Naar goede gewoonte maken we er een zot sportief feestje van waar het melkzuur en het gerstenat weelderig in het rond spat. Schrijf je in door een mail te sturen aan wedstrijd@aatt.be of bij \u00e9\u00e9n van de gar\u00e7ons in de Knoet. Meer info vind\u2026 <a class=\"wp-block-latest-posts__read-more\" href=\"https:\/\/aatt.be\/?p=211\" rel=\"noopener noreferrer\">Read more<span class=\"screen-reader-text\">: AATT Rollenkoers 2 dec &#8217;22<\/span><\/a><\/div><\/li>\n<li><a class=\"wp-block-latest-posts__post-title\" href=\"https:\/\/aatt.be\/?p=1\">Wedstrijd 2022<\/a><time datetime=\"2022-05-22T13:53:52+00:00\" class=\"wp-block-latest-posts__post-date\">May 22, 2022<\/time><div class=\"wp-block-latest-posts__post-excerpt\">De inschrijvingen voor onze wedstrijd op zondag 17 juli zijn open en zullen via volgende LINK verlopen.<\/div><\/li>\n<\/ul>","protected":false},"excerpt":{"rendered":"<p>Bij onze buren van Leuven is de wedstrijd reeds volzet&#8230;Geen plaats weten te bemachtigen of nog zin in een race in het Hageland? Ook bij ons krijgt u een pittig parcours voorgeschoteld in en rond het stadscentrum.Keuze uit korte en langere afstand, of een start-to-triathlon voor de mensen die voor het eerst willen proeven van [&hellip;]<\/p>\n","protected":false},"author":1,"featured_media":0,"parent":0,"menu_order":0,"comment_status":"closed","ping_status":"closed","template":"","meta":{"footnotes":""},"class_list":["post-292","page","type-page","status-publish","hentry"],"_links":{"self":[{"href":"https:\/\/aatt.be\/index.php?rest_route=\/wp\/v2\/pages\/292","targetHints":{"allow":["GET"]}}],"collection":[{"href":"https:\/\/aatt.be\/index.php?rest_route=\/wp\/v2\/pages"}],"about":[{"href":"https:\/\/aatt.be\/index.php?rest_route=\/wp\/v2\/types\/page"}],"author":[{"embeddable":true,"href":"https:\/\/aatt.be\/index.php?rest_route=\/wp\/v2\/users\/1"}],"replies":[{"embeddable":true,"href":"https:\/\/aatt.be\/index.php?rest_route=%2Fwp%2Fv2%2Fcomments&post=292"}],"version-history":[{"count":10,"href":"https:\/\/aatt.be\/index.php?rest_route=\/wp\/v2\/pages\/292\/revisions"}],"predecessor-version":[{"id":582,"href":"https:\/\/aatt.be\/index.php?rest_route=\/wp\/v2\/pages\/292\/revisions\/582"}],"wp:attachment":[{"href":"https:\/\/aatt.be\/index.php?rest_route=%2Fwp%2Fv2%2Fmedia&parent=292"}],"curies":[{"name":"wp","href":"https:\/\/api.w.org\/{rel}","templated":true}]}}